{"id":79,"date":"2018-11-21T15:41:10","date_gmt":"2018-11-21T15:41:10","guid":{"rendered":"http:\/\/www.strechaservis.cz\/?page_id=79"},"modified":"2018-11-21T18:33:12","modified_gmt":"2018-11-21T18:33:12","slug":"elementor-79","status":"publish","type":"page","link":"https:\/\/www.strechaservis.cz\/","title":{"rendered":"Na\u0161e slu\u017eby"},"content":{"rendered":"\t\t<div class=\"elementor elementor-79\">\n\t\t\t<div class=\"elementor-inner\">\n\t\t\t\t<div class=\"elementor-section-wrap\">\n\t\t\t\t\t\t\t<section data-id=\"a830551\" class=\"elementor-element elementor-element-a830551 elementor-section-boxed elementor-section-height-default elementor-section-height-default elementor-section elementor-top-section\" data-element_type=\"section\">\n\t\t\t\t\t\t<div class=\"elementor-container elementor-column-gap-default\">\n\t\t\t\t<div class=\"elementor-row\">\n\t\t\t\t<div data-id=\"206f870\" class=\"elementor-element elementor-element-206f870 elementor-column elementor-col-25 elementor-top-column\" data-element_type=\"column\">\n\t\t\t<div class=\"elementor-column-wrap elementor-element-populated\">\n\t\t\t\t\t<div class=\"elementor-widget-wrap\">\n\t\t\t\t<div data-id=\"7d2b47e\" class=\"elementor-element elementor-element-7d2b47e elementor-position-top elementor-vertical-align-top elementor-widget elementor-widget-image-box\" data-element_type=\"image-box.default\">\n\t\t\t\t<div class=\"elementor-widget-container\">\n\t\t\t<div class=\"elementor-image-box-wrapper\"><figure class=\"elementor-image-box-img\"><img loading=\"lazy\" decoding=\"async\" width=\"200\" height=\"200\" src=\"https:\/\/www.strechaservis.cz\/wp-content\/uploads\/2018\/11\/logo_strechaservis.png\" class=\"attachment-full size-full\" alt=\"\" srcset=\"https:\/\/www.strechaservis.cz\/wp-content\/uploads\/2018\/11\/logo_strechaservis.png 200w, https:\/\/www.strechaservis.cz\/wp-content\/uploads\/2018\/11\/logo_strechaservis-160x160.png 160w, https:\/\/www.strechaservis.cz\/wp-content\/uploads\/2018\/11\/logo_strechaservis-150x150.png 150w, https:\/\/www.strechaservis.cz\/wp-content\/uploads\/2018\/11\/logo_strechaservis-100x100.png 100w\" sizes=\"auto, (max-width: 200px) 100vw, 200px\" \/><\/figure><div class=\"elementor-image-box-content\"><h3 class=\"elementor-image-box-title\">Havarijn\u00ed opravy - POHOTOVOST<\/h3><p class=\"elementor-image-box-description\">M\u00e1te vlivem n\u00e1hl\u00fdch pov\u011btrnostn\u00edch podm\u00ednek poni\u010denou st\u0159e\u0161n\u00ed krytinu pop\u0159. klemp\u00ed\u0159sk\u00e9 prvky?.<\/p><\/div><\/div>\t\t<\/div>\n\t\t\t\t<\/div>\n\t\t\t\t\t\t<\/div>\n\t\t\t<\/div>\n\t\t<\/div>\n\t\t\t\t<div data-id=\"d43c4d5\" class=\"elementor-element elementor-element-d43c4d5 elementor-column elementor-col-25 elementor-top-column\" data-element_type=\"column\">\n\t\t\t<div class=\"elementor-column-wrap elementor-element-populated\">\n\t\t\t\t\t<div class=\"elementor-widget-wrap\">\n\t\t\t\t<div data-id=\"3d98a79\" class=\"elementor-element elementor-element-3d98a79 elementor-position-top elementor-vertical-align-top elementor-widget elementor-widget-image-box\" data-element_type=\"image-box.default\">\n\t\t\t\t<div class=\"elementor-widget-container\">\n\t\t\t<div class=\"elementor-image-box-wrapper\"><figure class=\"elementor-image-box-img\"><img loading=\"lazy\" decoding=\"async\" width=\"200\" height=\"200\" src=\"https:\/\/www.strechaservis.cz\/wp-content\/uploads\/2018\/11\/logo_strechaservis.png\" class=\"attachment-full size-full\" alt=\"\" srcset=\"https:\/\/www.strechaservis.cz\/wp-content\/uploads\/2018\/11\/logo_strechaservis.png 200w, https:\/\/www.strechaservis.cz\/wp-content\/uploads\/2018\/11\/logo_strechaservis-160x160.png 160w, https:\/\/www.strechaservis.cz\/wp-content\/uploads\/2018\/11\/logo_strechaservis-150x150.png 150w, https:\/\/www.strechaservis.cz\/wp-content\/uploads\/2018\/11\/logo_strechaservis-100x100.png 100w\" sizes=\"auto, (max-width: 200px) 100vw, 200px\" \/><\/figure><div class=\"elementor-image-box-content\"><h3 class=\"elementor-image-box-title\">Opravy a rekontrukce <\/h3><p class=\"elementor-image-box-description\">Oprav\u00edme kompletn\u00ed st\u0159echu. Pracujeme s materi\u00e1ly kter\u00e9 l\u00e9ta pou\u017e\u00edv\u00e1me od renomovan\u00fdch v\u00fdrobc\u016f<\/p><\/div><\/div>\t\t<\/div>\n\t\t\t\t<\/div>\n\t\t\t\t\t\t<\/div>\n\t\t\t<\/div>\n\t\t<\/div>\n\t\t\t\t<div data-id=\"200e3cd\" class=\"elementor-element elementor-element-200e3cd elementor-column elementor-col-25 elementor-top-column\" data-element_type=\"column\">\n\t\t\t<div class=\"elementor-column-wrap elementor-element-populated\">\n\t\t\t\t\t<div class=\"elementor-widget-wrap\">\n\t\t\t\t<div data-id=\"da0a88e\" class=\"elementor-element elementor-element-da0a88e elementor-position-top elementor-vertical-align-top elementor-widget elementor-widget-image-box\" data-element_type=\"image-box.default\">\n\t\t\t\t<div class=\"elementor-widget-container\">\n\t\t\t<div class=\"elementor-image-box-wrapper\"><figure class=\"elementor-image-box-img\"><img loading=\"lazy\" decoding=\"async\" width=\"200\" height=\"200\" src=\"https:\/\/www.strechaservis.cz\/wp-content\/uploads\/2018\/11\/logo_strechaservis.png\" class=\"attachment-full size-full\" alt=\"\" srcset=\"https:\/\/www.strechaservis.cz\/wp-content\/uploads\/2018\/11\/logo_strechaservis.png 200w, https:\/\/www.strechaservis.cz\/wp-content\/uploads\/2018\/11\/logo_strechaservis-160x160.png 160w, https:\/\/www.strechaservis.cz\/wp-content\/uploads\/2018\/11\/logo_strechaservis-150x150.png 150w, https:\/\/www.strechaservis.cz\/wp-content\/uploads\/2018\/11\/logo_strechaservis-100x100.png 100w\" sizes=\"auto, (max-width: 200px) 100vw, 200px\" \/><\/figure><div class=\"elementor-image-box-content\"><h3 class=\"elementor-image-box-title\">Tam kde ostatn\u00ed kon\u010d\u00ed<\/h3><p class=\"elementor-image-box-description\">\u0158e\u0161\u00edme atipyck\u00e9 mont\u00e1\u017ee a v\u00fdrobu klemp\u00ed\u0159sk\u00fdch prvk\u016f na pam\u00e1tkov\u00fdch objektech, <\/p><\/div><\/div>\t\t<\/div>\n\t\t\t\t<\/div>\n\t\t\t\t\t\t<\/div>\n\t\t\t<\/div>\n\t\t<\/div>\n\t\t\t\t<div data-id=\"1936e36\" class=\"elementor-element elementor-element-1936e36 elementor-column elementor-col-25 elementor-top-column\" data-element_type=\"column\">\n\t\t\t<div class=\"elementor-column-wrap elementor-element-populated\">\n\t\t\t\t\t<div class=\"elementor-widget-wrap\">\n\t\t\t\t<div data-id=\"98f284a\" class=\"elementor-element elementor-element-98f284a elementor-position-top elementor-vertical-align-top elementor-widget elementor-widget-image-box\" data-element_type=\"image-box.default\">\n\t\t\t\t<div class=\"elementor-widget-container\">\n\t\t\t<div class=\"elementor-image-box-wrapper\"><figure class=\"elementor-image-box-img\"><img loading=\"lazy\" decoding=\"async\" width=\"200\" height=\"200\" src=\"https:\/\/www.strechaservis.cz\/wp-content\/uploads\/2018\/11\/logo_strechaservis.png\" class=\"attachment-full size-full\" alt=\"\" srcset=\"https:\/\/www.strechaservis.cz\/wp-content\/uploads\/2018\/11\/logo_strechaservis.png 200w, https:\/\/www.strechaservis.cz\/wp-content\/uploads\/2018\/11\/logo_strechaservis-160x160.png 160w, https:\/\/www.strechaservis.cz\/wp-content\/uploads\/2018\/11\/logo_strechaservis-150x150.png 150w, https:\/\/www.strechaservis.cz\/wp-content\/uploads\/2018\/11\/logo_strechaservis-100x100.png 100w\" sizes=\"auto, (max-width: 200px) 100vw, 200px\" \/><\/figure><div class=\"elementor-image-box-content\"><h3 class=\"elementor-image-box-title\">Reference<\/h3><p class=\"elementor-image-box-description\">M\u00e1me opravdov\u00e9 z\u00e1kazn\u00edky, U n\u00e1s spolupr\u00e1ce nekon\u010d\u00ed p\u0159i dokon\u010den\u00ed zak\u00e1zky. Jsme st\u00e1le v kontaktu<\/p><\/div><\/div>\t\t<\/div>\n\t\t\t\t<\/div>\n\t\t\t\t\t\t<\/div>\n\t\t\t<\/div>\n\t\t<\/div>\n\t\t\t\t\t\t<\/div>\n\t\t\t<\/div>\n\t\t<\/section>\n\t\t\t\t<section data-id=\"3c9f1e9\" class=\"elementor-element elementor-element-3c9f1e9 elementor-section-boxed elementor-section-height-default elementor-section-height-default elementor-section elementor-top-section\" data-element_type=\"section\">\n\t\t\t\t\t\t<div class=\"elementor-container elementor-column-gap-default\">\n\t\t\t\t<div class=\"elementor-row\">\n\t\t\t\t<div data-id=\"f9926f4\" class=\"elementor-element elementor-element-f9926f4 elementor-column elementor-col-100 elementor-top-column\" data-element_type=\"column\">\n\t\t\t<div class=\"elementor-column-wrap elementor-element-populated\">\n\t\t\t\t\t<div class=\"elementor-widget-wrap\">\n\t\t\t\t<div data-id=\"9a10aa4\" class=\"elementor-element elementor-element-9a10aa4 elementor-align-center elementor-button-info elementor-widget elementor-widget-button\" data-element_type=\"button.default\">\n\t\t\t\t<div class=\"elementor-widget-container\">\n\t\t\t\t\t<div class=\"elementor-button-wrapper\">\n\t\t\t<a href=\"# call +420602202801\" class=\"elementor-button-link elementor-button elementor-size-xl\" role=\"button\">\n\t\t\t\t\t\t<span class=\"elementor-button-content-wrapper\">\n\t\t\t\t\t\t<span class=\"elementor-button-icon elementor-align-icon-left\">\n\t\t\t\t<i class=\"fa fa-mobile-phone\" aria-hidden=\"true\"><\/i>\n\t\t\t<\/span>\n\t\t\t\t\t\t<span class=\"elementor-button-text\">volejte  602 202 801<\/span>\n\t\t<\/span>\n\t\t\t\t\t<\/a>\n\t\t<\/div>\n\t\t\t\t<\/div>\n\t\t\t\t<\/div>\n\t\t\t\t\t\t<\/div>\n\t\t\t<\/div>\n\t\t<\/div>\n\t\t\t\t\t\t<\/div>\n\t\t\t<\/div>\n\t\t<\/section>\n\t\t\t\t<section data-id=\"0aedf31\" class=\"elementor-element elementor-element-0aedf31 elementor-section-boxed elementor-section-height-default elementor-section-height-default elementor-section elementor-top-section\" data-element_type=\"section\">\n\t\t\t\t\t\t<div class=\"elementor-container elementor-column-gap-default\">\n\t\t\t\t<div class=\"elementor-row\">\n\t\t\t\t<div data-id=\"a495729\" class=\"elementor-element elementor-element-a495729 elementor-column elementor-col-33 elementor-top-column\" data-element_type=\"column\">\n\t\t\t<div class=\"elementor-column-wrap elementor-element-populated\">\n\t\t\t\t\t<div class=\"elementor-widget-wrap\">\n\t\t\t\t<div data-id=\"109c377\" class=\"elementor-element elementor-element-109c377 elementor-widget elementor-widget-image\" data-element_type=\"image.default\">\n\t\t\t\t<div class=\"elementor-widget-container\">\n\t\t\t\t\t<div class=\"elementor-image\">\n\t\t\t\t\t\t\t<figure class=\"wp-caption\">\n\t\t\t\t\t\t\t\t\t\t<img loading=\"lazy\" decoding=\"async\" width=\"750\" height=\"563\" src=\"https:\/\/www.strechaservis.cz\/wp-content\/uploads\/2018\/11\/IMG_20180803_145236-768x576.jpg\" class=\"attachment-medium_large size-medium_large\" alt=\"\" srcset=\"https:\/\/www.strechaservis.cz\/wp-content\/uploads\/2018\/11\/IMG_20180803_145236-768x576.jpg 768w, https:\/\/www.strechaservis.cz\/wp-content\/uploads\/2018\/11\/IMG_20180803_145236-300x225.jpg 300w, https:\/\/www.strechaservis.cz\/wp-content\/uploads\/2018\/11\/IMG_20180803_145236-1024x768.jpg 1024w, https:\/\/www.strechaservis.cz\/wp-content\/uploads\/2018\/11\/IMG_20180803_145236-600x450.jpg 600w\" sizes=\"auto, (max-width: 750px) 100vw, 750px\" \/>\t\t\t\t\t\t\t\t\t\t\t<figcaption class=\"widget-image-caption wp-caption-text\"><\/figcaption>\n\t\t\t\t\t\t\t\t\t\t<\/figure>\n\t\t\t\t\t<\/div>\n\t\t\t\t<\/div>\n\t\t\t\t<\/div>\n\t\t\t\t\t\t<\/div>\n\t\t\t<\/div>\n\t\t<\/div>\n\t\t\t\t<div data-id=\"3ac4d36\" class=\"elementor-element elementor-element-3ac4d36 elementor-column elementor-col-66 elementor-top-column\" data-element_type=\"column\">\n\t\t\t<div class=\"elementor-column-wrap elementor-element-populated\">\n\t\t\t\t\t<div class=\"elementor-widget-wrap\">\n\t\t\t\t<div data-id=\"a1f0875\" class=\"elementor-element elementor-element-a1f0875 elementor-widget elementor-widget-heading\" data-element_type=\"heading.default\">\n\t\t\t\t<div class=\"elementor-widget-container\">\n\t\t\t<h2 class=\"elementor-heading-title elementor-size-large\">Najd\u011bte si k n\u00e1m cestu<br><br><br>volejte 602 202 801<br><br><br><u>strechaservis@strechaservis.cz<\/u><\/h2>\t\t<\/div>\n\t\t\t\t<\/div>\n\t\t\t\t\t\t<\/div>\n\t\t\t<\/div>\n\t\t<\/div>\n\t\t\t\t\t\t<\/div>\n\t\t\t<\/div>\n\t\t<\/section>\n\t\t\t\t<section data-id=\"4f461fd\" class=\"elementor-element elementor-element-4f461fd elementor-section-boxed elementor-section-height-default elementor-section-height-default elementor-section elementor-top-section\" data-element_type=\"section\">\n\t\t\t\t\t\t<div class=\"elementor-container elementor-column-gap-default\">\n\t\t\t\t<div class=\"elementor-row\">\n\t\t\t\t<div data-id=\"4e7b745\" class=\"elementor-element elementor-element-4e7b745 elementor-column elementor-col-50 elementor-top-column\" data-element_type=\"column\">\n\t\t\t<div class=\"elementor-column-wrap elementor-element-populated\">\n\t\t\t\t\t<div class=\"elementor-widget-wrap\">\n\t\t\t\t<div data-id=\"5f34a28\" class=\"elementor-element elementor-element-5f34a28 elementor-widget elementor-widget-image-carousel\" data-settings=\"{&quot;slides_to_scroll&quot;:&quot;2&quot;,&quot;navigation&quot;:&quot;both&quot;,&quot;pause_on_hover&quot;:&quot;yes&quot;,&quot;autoplay&quot;:&quot;yes&quot;,&quot;autoplay_speed&quot;:5000,&quot;infinite&quot;:&quot;yes&quot;,&quot;speed&quot;:500,&quot;direction&quot;:&quot;ltr&quot;}\" data-element_type=\"image-carousel.default\">\n\t\t\t\t<div class=\"elementor-widget-container\">\n\t\t\t\t\t<div class=\"elementor-image-carousel-wrapper elementor-slick-slider\" dir=\"ltr\">\n\t\t\t<div class=\"elementor-image-carousel slick-arrows-inside slick-dots-outside\">\n\t\t\t\t<div class=\"slick-slide\"><figure class=\"slick-slide-inner\"><a href=\"https:\/\/www.strechaservis.cz\/wp-content\/uploads\/2018\/11\/cropped-logo_strechaservis-2.jpg\" data-elementor-open-lightbox=\"yes\" data-elementor-lightbox-slideshow=\"5f34a28\" data-elementor-lightbox-index=\"0\"><img decoding=\"async\" class=\"slick-slide-image\" src=\"https:\/\/www.strechaservis.cz\/wp-content\/uploads\/2018\/11\/cropped-logo_strechaservis-2-150x150.jpg\" alt=\"cropped-logo_strechaservis-2.jpg\" \/><\/a><\/figure><\/div><div class=\"slick-slide\"><figure class=\"slick-slide-inner\"><a href=\"https:\/\/www.strechaservis.cz\/wp-content\/uploads\/2018\/11\/IMAG4843-2.jpg\" data-elementor-open-lightbox=\"yes\" data-elementor-lightbox-slideshow=\"5f34a28\" data-elementor-lightbox-index=\"1\"><img decoding=\"async\" class=\"slick-slide-image\" src=\"https:\/\/www.strechaservis.cz\/wp-content\/uploads\/2018\/11\/IMAG4843-2-150x150.jpg\" alt=\"IMAG4843\" \/><\/a><\/figure><\/div><div class=\"slick-slide\"><figure class=\"slick-slide-inner\"><a href=\"https:\/\/www.strechaservis.cz\/wp-content\/uploads\/2018\/11\/IMAG4841.jpg\" data-elementor-open-lightbox=\"yes\" data-elementor-lightbox-slideshow=\"5f34a28\" data-elementor-lightbox-index=\"2\"><img decoding=\"async\" class=\"slick-slide-image\" src=\"https:\/\/www.strechaservis.cz\/wp-content\/uploads\/2018\/11\/IMAG4841-150x150.jpg\" alt=\"IMAG4841\" \/><\/a><\/figure><\/div><div class=\"slick-slide\"><figure class=\"slick-slide-inner\"><a href=\"https:\/\/www.strechaservis.cz\/wp-content\/uploads\/2018\/11\/IMAG4829.jpg\" data-elementor-open-lightbox=\"yes\" data-elementor-lightbox-slideshow=\"5f34a28\" data-elementor-lightbox-index=\"3\"><img decoding=\"async\" class=\"slick-slide-image\" src=\"https:\/\/www.strechaservis.cz\/wp-content\/uploads\/2018\/11\/IMAG4829-150x150.jpg\" alt=\"IMAG4829\" \/><\/a><\/figure><\/div><div class=\"slick-slide\"><figure class=\"slick-slide-inner\"><a href=\"https:\/\/www.strechaservis.cz\/wp-content\/uploads\/2018\/11\/IMAG4616.jpg\" data-elementor-open-lightbox=\"yes\" data-elementor-lightbox-slideshow=\"5f34a28\" data-elementor-lightbox-index=\"4\"><img decoding=\"async\" class=\"slick-slide-image\" src=\"https:\/\/www.strechaservis.cz\/wp-content\/uploads\/2018\/11\/IMAG4616-150x150.jpg\" alt=\"IMAG4616\" \/><\/a><\/figure><\/div><div class=\"slick-slide\"><figure class=\"slick-slide-inner\"><a href=\"https:\/\/www.strechaservis.cz\/wp-content\/uploads\/2018\/11\/IMAG4615.jpg\" data-elementor-open-lightbox=\"yes\" data-elementor-lightbox-slideshow=\"5f34a28\" data-elementor-lightbox-index=\"5\"><img decoding=\"async\" class=\"slick-slide-image\" src=\"https:\/\/www.strechaservis.cz\/wp-content\/uploads\/2018\/11\/IMAG4615-150x150.jpg\" alt=\"IMAG4615\" \/><\/a><\/figure><\/div>\t\t\t<\/div>\n\t\t<\/div>\n\t\t\t\t<\/div>\n\t\t\t\t<\/div>\n\t\t\t\t\t\t<\/div>\n\t\t\t<\/div>\n\t\t<\/div>\n\t\t\t\t<div data-id=\"6e987fc\" class=\"elementor-element elementor-element-6e987fc elementor-column elementor-col-50 elementor-top-column\" data-element_type=\"column\">\n\t\t\t<div class=\"elementor-column-wrap elementor-element-populated\">\n\t\t\t\t\t<div class=\"elementor-widget-wrap\">\n\t\t\t\t<div data-id=\"9fee763\" class=\"elementor-element elementor-element-9fee763 elementor-widget elementor-widget-image-carousel\" data-settings=\"{&quot;slides_to_scroll&quot;:&quot;2&quot;,&quot;navigation&quot;:&quot;both&quot;,&quot;pause_on_hover&quot;:&quot;yes&quot;,&quot;autoplay&quot;:&quot;yes&quot;,&quot;autoplay_speed&quot;:5000,&quot;infinite&quot;:&quot;yes&quot;,&quot;speed&quot;:500,&quot;direction&quot;:&quot;ltr&quot;}\" data-element_type=\"image-carousel.default\">\n\t\t\t\t<div class=\"elementor-widget-container\">\n\t\t\t\t\t<div class=\"elementor-image-carousel-wrapper elementor-slick-slider\" dir=\"ltr\">\n\t\t\t<div class=\"elementor-image-carousel slick-arrows-inside slick-dots-outside\">\n\t\t\t\t<div class=\"slick-slide\"><figure class=\"slick-slide-inner\"><a href=\"https:\/\/www.strechaservis.cz\/wp-content\/uploads\/2018\/11\/cropped-logo_strechaservis-2.jpg\" data-elementor-open-lightbox=\"default\" data-elementor-lightbox-slideshow=\"9fee763\" data-elementor-lightbox-index=\"0\"><img decoding=\"async\" class=\"slick-slide-image\" src=\"https:\/\/www.strechaservis.cz\/wp-content\/uploads\/2018\/11\/cropped-logo_strechaservis-2-150x150.jpg\" alt=\"cropped-logo_strechaservis-2.jpg\" \/><\/a><\/figure><\/div><div class=\"slick-slide\"><figure class=\"slick-slide-inner\"><a href=\"https:\/\/www.strechaservis.cz\/wp-content\/uploads\/2018\/11\/IMG_20180324_121624.jpg\" data-elementor-open-lightbox=\"default\" data-elementor-lightbox-slideshow=\"9fee763\" data-elementor-lightbox-index=\"1\"><img decoding=\"async\" class=\"slick-slide-image\" src=\"https:\/\/www.strechaservis.cz\/wp-content\/uploads\/2018\/11\/IMG_20180324_121624-150x150.jpg\" alt=\"IMG_20180324_121624\" \/><\/a><\/figure><\/div><div class=\"slick-slide\"><figure class=\"slick-slide-inner\"><a href=\"https:\/\/www.strechaservis.cz\/wp-content\/uploads\/2018\/11\/IMG_20180324_121631.jpg\" data-elementor-open-lightbox=\"default\" data-elementor-lightbox-slideshow=\"9fee763\" data-elementor-lightbox-index=\"2\"><img decoding=\"async\" class=\"slick-slide-image\" src=\"https:\/\/www.strechaservis.cz\/wp-content\/uploads\/2018\/11\/IMG_20180324_121631-150x150.jpg\" alt=\"IMG_20180324_121631\" \/><\/a><\/figure><\/div><div class=\"slick-slide\"><figure class=\"slick-slide-inner\"><a href=\"https:\/\/www.strechaservis.cz\/wp-content\/uploads\/2018\/11\/IMG_20180505_132843.jpg\" data-elementor-open-lightbox=\"default\" data-elementor-lightbox-slideshow=\"9fee763\" data-elementor-lightbox-index=\"3\"><img decoding=\"async\" class=\"slick-slide-image\" src=\"https:\/\/www.strechaservis.cz\/wp-content\/uploads\/2018\/11\/IMG_20180505_132843-150x150.jpg\" alt=\"IMG_20180505_132843\" \/><\/a><\/figure><\/div><div class=\"slick-slide\"><figure class=\"slick-slide-inner\"><a href=\"https:\/\/www.strechaservis.cz\/wp-content\/uploads\/2018\/11\/IMG_20180505_132906.jpg\" data-elementor-open-lightbox=\"default\" data-elementor-lightbox-slideshow=\"9fee763\" data-elementor-lightbox-index=\"4\"><img decoding=\"async\" class=\"slick-slide-image\" src=\"https:\/\/www.strechaservis.cz\/wp-content\/uploads\/2018\/11\/IMG_20180505_132906-150x150.jpg\" alt=\"IMG_20180505_132906\" \/><\/a><\/figure><\/div><div class=\"slick-slide\"><figure class=\"slick-slide-inner\"><a href=\"https:\/\/www.strechaservis.cz\/wp-content\/uploads\/2018\/11\/IMG_20180505_132923.jpg\" data-elementor-open-lightbox=\"default\" data-elementor-lightbox-slideshow=\"9fee763\" data-elementor-lightbox-index=\"5\"><img decoding=\"async\" class=\"slick-slide-image\" src=\"https:\/\/www.strechaservis.cz\/wp-content\/uploads\/2018\/11\/IMG_20180505_132923-150x150.jpg\" alt=\"IMG_20180505_132923\" \/><\/a><\/figure><\/div>\t\t\t<\/div>\n\t\t<\/div>\n\t\t\t\t<\/div>\n\t\t\t\t<\/div>\n\t\t\t\t\t\t<\/div>\n\t\t\t<\/div>\n\t\t<\/div>\n\t\t\t\t\t\t<\/div>\n\t\t\t<\/div>\n\t\t<\/section>\n\t\t\t\t\t\t<\/div>\n\t\t\t<\/div>\n\t\t<\/div>\n\t\t","protected":false},"excerpt":{"rendered":"<p>Havarijn\u00ed opravy &#8211; POHOTOVOST M\u00e1te vlivem n\u00e1hl\u00fdch pov\u011btrnostn\u00edch podm\u00ednek poni\u010denou st\u0159e\u0161n\u00ed krytinu pop\u0159. klemp\u00ed\u0159sk\u00e9 prvky?. Opravy a rekontrukce Oprav\u00edme kompletn\u00ed st\u0159echu. Pracujeme s materi\u00e1ly kter\u00e9 l\u00e9ta pou\u017e\u00edv\u00e1me od renomovan\u00fdch v\u00fdrobc\u016f Tam kde ostatn\u00ed kon\u010d\u00ed \u0158e\u0161\u00edme atipyck\u00e9 mont\u00e1\u017ee a v\u00fdrobu klemp\u00ed\u0159sk\u00fdch prvk\u016f na pam\u00e1tkov\u00fdch objektech, Reference M\u00e1me opravdov\u00e9 z\u00e1kazn\u00edky, U n\u00e1s [&hellip;]<\/p>\n","protected":false},"author":1,"featured_media":0,"parent":0,"menu_order":1,"comment_status":"closed","ping_status":"closed","template":"","meta":{"footnotes":""},"class_list":["post-79","page","type-page","status-publish","hentry"],"_links":{"self":[{"href":"https:\/\/www.strechaservis.cz\/index.php\/wp-json\/wp\/v2\/pages\/79","targetHints":{"allow":["GET"]}}],"collection":[{"href":"https:\/\/www.strechaservis.cz\/index.php\/wp-json\/wp\/v2\/pages"}],"about":[{"href":"https:\/\/www.strechaservis.cz\/index.php\/wp-json\/wp\/v2\/types\/page"}],"author":[{"embeddable":true,"href":"https:\/\/www.strechaservis.cz\/index.php\/wp-json\/wp\/v2\/users\/1"}],"replies":[{"embeddable":true,"href":"https:\/\/www.strechaservis.cz\/index.php\/wp-json\/wp\/v2\/comments?post=79"}],"version-history":[{"count":5,"href":"https:\/\/www.strechaservis.cz\/index.php\/wp-json\/wp\/v2\/pages\/79\/revisions"}],"predecessor-version":[{"id":103,"href":"https:\/\/www.strechaservis.cz\/index.php\/wp-json\/wp\/v2\/pages\/79\/revisions\/103"}],"wp:attachment":[{"href":"https:\/\/www.strechaservis.cz\/index.php\/wp-json\/wp\/v2\/media?parent=79"}],"curies":[{"name":"wp","href":"https:\/\/api.w.org\/{rel}","templated":true}]}}